{"id":27293,"date":"2022-09-07T13:50:42","date_gmt":"2022-09-07T12:50:42","guid":{"rendered":"https:\/\/essencius.dk\/om-essencius\/"},"modified":"2026-01-28T03:56:04","modified_gmt":"2026-01-28T03:56:04","slug":"om-essencius","status":"publish","type":"page","link":"https:\/\/essencius.dk\/sv\/om-essencius\/","title":{"rendered":"Om Essencius"},"content":{"rendered":"\t\t<div data-elementor-type=\"wp-page\" data-elementor-id=\"27293\" class=\"elementor elementor-27293 elementor-27274\" data-elementor-post-type=\"page\">\n\t\t\t\t\t\t<section class=\"elementor-section elementor-top-section elementor-element elementor-element-fa5b500 elementor-section-boxed elementor-section-height-default elementor-section-height-default\" data-id=\"fa5b500\" data-element_type=\"section\" data-e-type=\"section\" data-settings=\"{&quot;jet_parallax_layout_list&quot;:[]}\">\n\t\t\t\t\t\t<div class=\"elementor-container elementor-column-gap-default\">\n\t\t\t\t\t<div class=\"elementor-column elementor-col-100 elementor-top-column elementor-element elementor-element-3ab91bf\" data-id=\"3ab91bf\" data-element_type=\"column\" data-e-type=\"column\">\n\t\t\t<div class=\"elementor-widget-wrap elementor-element-populated\">\n\t\t\t\t\t\t<div class=\"elementor-element elementor-element-364a1d2 elementor-widget elementor-widget-spacer\" data-id=\"364a1d2\" data-element_type=\"widget\" data-e-type=\"widget\" data-widget_type=\"spacer.default\">\n\t\t\t\t<div class=\"elementor-widget-container\">\n\t\t\t\t\t\t\t<div class=\"elementor-spacer\">\n\t\t\t<div class=\"elementor-spacer-inner\"><\/div>\n\t\t<\/div>\n\t\t\t\t\t\t<\/div>\n\t\t\t\t<\/div>\n\t\t\t\t\t<\/div>\n\t\t<\/div>\n\t\t\t\t\t<\/div>\n\t\t<\/section>\n\t\t\t\t<section class=\"elementor-section elementor-top-section elementor-element elementor-element-c2070b6 elementor-section-boxed elementor-section-height-default elementor-section-height-default\" data-id=\"c2070b6\" data-element_type=\"section\" data-e-type=\"section\" data-settings=\"{&quot;jet_parallax_layout_list&quot;:[]}\">\n\t\t\t\t\t\t<div class=\"elementor-container elementor-column-gap-default\">\n\t\t\t\t\t<div class=\"elementor-column elementor-col-100 elementor-top-column elementor-element elementor-element-4c0cc9d\" data-id=\"4c0cc9d\" data-element_type=\"column\" data-e-type=\"column\">\n\t\t\t<div class=\"elementor-widget-wrap elementor-element-populated\">\n\t\t\t\t\t\t<div class=\"elementor-element elementor-element-c2e3e31 elementor-widget elementor-widget-heading\" data-id=\"c2e3e31\" data-element_type=\"widget\" data-e-type=\"widget\" data-widget_type=\"heading.default\">\n\t\t\t\t<div class=\"elementor-widget-container\">\n\t\t\t\t\t<h1 class=\"elementor-heading-title elementor-size-default\">Om Essencius<\/h1>\t\t\t\t<\/div>\n\t\t\t\t<\/div>\n\t\t\t\t<div class=\"elementor-element elementor-element-c60fa09 elementor-widget-divider--view-line elementor-widget elementor-widget-divider\" data-id=\"c60fa09\" data-element_type=\"widget\" data-e-type=\"widget\" data-widget_type=\"divider.default\">\n\t\t\t\t<div class=\"elementor-widget-container\">\n\t\t\t\t\t\t\t<div class=\"elementor-divider\">\n\t\t\t<span class=\"elementor-divider-separator\">\n\t\t\t\t\t\t<\/span>\n\t\t<\/div>\n\t\t\t\t\t\t<\/div>\n\t\t\t\t<\/div>\n\t\t\t\t\t<\/div>\n\t\t<\/div>\n\t\t\t\t\t<\/div>\n\t\t<\/section>\n\t\t\t\t<section class=\"elementor-section elementor-top-section elementor-element elementor-element-cea59dd elementor-section-boxed elementor-section-height-default elementor-section-height-default\" data-id=\"cea59dd\" data-element_type=\"section\" data-e-type=\"section\" data-settings=\"{&quot;jet_parallax_layout_list&quot;:[]}\">\n\t\t\t\t\t\t<div class=\"elementor-container elementor-column-gap-default\">\n\t\t\t\t\t<div class=\"elementor-column elementor-col-100 elementor-top-column elementor-element elementor-element-fb53265\" data-id=\"fb53265\" data-element_type=\"column\" data-e-type=\"column\">\n\t\t\t<div class=\"elementor-widget-wrap elementor-element-populated\">\n\t\t\t\t\t\t<div class=\"elementor-element elementor-element-d2bdb03 elementor-widget elementor-widget-heading\" data-id=\"d2bdb03\" data-element_type=\"widget\" data-e-type=\"widget\" data-widget_type=\"heading.default\">\n\t\t\t\t<div class=\"elementor-widget-container\">\n\t\t\t\t\t<h1 class=\"elementor-heading-title elementor-size-default\">VI SKAPAR BER\u00c4TTELSER,\nSOM ANDRA G\u00d6R TILL SINA EGNA<\/h1>\t\t\t\t<\/div>\n\t\t\t\t<\/div>\n\t\t\t\t<div class=\"elementor-element elementor-element-b0b9733 elementor-widget elementor-widget-spacer\" data-id=\"b0b9733\" data-element_type=\"widget\" data-e-type=\"widget\" data-widget_type=\"spacer.default\">\n\t\t\t\t<div class=\"elementor-widget-container\">\n\t\t\t\t\t\t\t<div class=\"elementor-spacer\">\n\t\t\t<div class=\"elementor-spacer-inner\"><\/div>\n\t\t<\/div>\n\t\t\t\t\t\t<\/div>\n\t\t\t\t<\/div>\n\t\t\t\t\t<\/div>\n\t\t<\/div>\n\t\t\t\t\t<\/div>\n\t\t<\/section>\n\t\t\t\t<section class=\"elementor-section elementor-top-section elementor-element elementor-element-a8a2a01 elementor-section-content-top elementor-section-boxed elementor-section-height-default elementor-section-height-default\" data-id=\"a8a2a01\" data-element_type=\"section\" data-e-type=\"section\" data-settings=\"{&quot;jet_parallax_layout_list&quot;:[]}\">\n\t\t\t\t\t\t<div class=\"elementor-container elementor-column-gap-default\">\n\t\t\t\t\t<div class=\"elementor-column elementor-col-100 elementor-top-column elementor-element elementor-element-87ca430\" data-id=\"87ca430\" data-element_type=\"column\" data-e-type=\"column\">\n\t\t\t<div class=\"elementor-widget-wrap elementor-element-populated\">\n\t\t\t\t\t\t<div class=\"elementor-element elementor-element-fd9125f elementor-widget elementor-widget-text-editor\" data-id=\"fd9125f\" data-element_type=\"widget\" data-e-type=\"widget\" data-widget_type=\"text-editor.default\">\n\t\t\t\t<div class=\"elementor-widget-container\">\n\t\t\t\t\t\t\t\t\t<p><span data-contrast=\"auto\">Essencius A\/S grundades 2007. Vi har v\u00e5rt huvudkontor p\u00e5 Dronningens Tv\u00e6rgade 7 i centrala K\u00f6penhamn, samt lokala kontor i Stockholm och Oslo.<\/span><span data-contrast=\"auto\">\u00a0<\/span><span data-ccp-props=\"{}\">\u00a0<\/span><\/p><p><span data-contrast=\"auto\">Sedan starten har vi skapat kommunikationsl\u00f6sningar f\u00f6r v\u00e5ra kunder i Norden inom b\u00e5de B2C och B2B. Under \u00e5rens lopp har vi samarbetat med organisationer som Cancerfonden, Movember och Sjukhusclownerna, eftersom deras hj\u00e4rtefr\u00e5gor ocks\u00e5 \u00e4r mycket viktiga f\u00f6r oss.<\/span><span data-contrast=\"auto\">\u00a0\u00a0\u00a0\u00a0<\/span><span data-ccp-props=\"{}\">\u00a0<\/span><\/p><p><span data-contrast=\"auto\">V\u00e5r ambition \u00e4r alltid att f\u00f6rse v\u00e5ra kunder med l\u00f6sningar som ger m\u00e5linriktade resultat genom strategisk och kreativ kommunikation.<\/span><span data-ccp-props=\"{}\">\u00a0<\/span><\/p>\t\t\t\t\t\t\t\t<\/div>\n\t\t\t\t<\/div>\n\t\t\t\t\t<\/div>\n\t\t<\/div>\n\t\t\t\t\t<\/div>\n\t\t<\/section>\n\t\t\t\t<section class=\"elementor-section elementor-top-section elementor-element elementor-element-a7070f7 elementor-section-boxed elementor-section-height-default elementor-section-height-default\" data-id=\"a7070f7\" data-element_type=\"section\" data-e-type=\"section\" data-settings=\"{&quot;jet_parallax_layout_list&quot;:[]}\">\n\t\t\t\t\t\t<div class=\"elementor-container elementor-column-gap-no\">\n\t\t\t\t\t<div class=\"elementor-column elementor-col-100 elementor-top-column elementor-element elementor-element-34f6373\" data-id=\"34f6373\" data-element_type=\"column\" data-e-type=\"column\">\n\t\t\t<div class=\"elementor-widget-wrap elementor-element-populated\">\n\t\t\t\t\t\t<div class=\"elementor-element elementor-element-6550829 elementor-widget elementor-widget-gallery\" data-id=\"6550829\" data-element_type=\"widget\" data-e-type=\"widget\" data-settings=\"{&quot;gallery_layout&quot;:&quot;justified&quot;,&quot;ideal_row_height&quot;:{&quot;unit&quot;:&quot;px&quot;,&quot;size&quot;:363,&quot;sizes&quot;:[]},&quot;ideal_row_height_tablet&quot;:{&quot;unit&quot;:&quot;px&quot;,&quot;size&quot;:227,&quot;sizes&quot;:[]},&quot;ideal_row_height_mobile&quot;:{&quot;unit&quot;:&quot;px&quot;,&quot;size&quot;:217,&quot;sizes&quot;:[]},&quot;lazyload&quot;:&quot;yes&quot;,&quot;gap&quot;:{&quot;unit&quot;:&quot;px&quot;,&quot;size&quot;:10,&quot;sizes&quot;:[]},&quot;gap_tablet&quot;:{&quot;unit&quot;:&quot;px&quot;,&quot;size&quot;:10,&quot;sizes&quot;:[]},&quot;gap_mobile&quot;:{&quot;unit&quot;:&quot;px&quot;,&quot;size&quot;:10,&quot;sizes&quot;:[]},&quot;content_hover_animation&quot;:&quot;fade-in&quot;}\" data-widget_type=\"gallery.default\">\n\t\t\t\t<div class=\"elementor-widget-container\">\n\t\t\t\t\t\t\t<div class=\"elementor-gallery__container\">\n\t\t\t\t\t\t\t<div class=\"e-gallery-item elementor-gallery-item elementor-animated-content\">\n\t\t\t\t\t<div class=\"e-gallery-image elementor-gallery-item__image\" data-thumbnail=\"https:\/\/essencius.dk\/wp-content\/uploads\/2022\/11\/10.png\" data-width=\"2000\" data-height=\"1292\" aria-label=\"\" role=\"img\" ><\/div>\n\t\t\t\t\t\t\t\t\t\t\t\t\t\t<\/div>\n\t\t\t\t\t\t\t<div class=\"e-gallery-item elementor-gallery-item elementor-animated-content\">\n\t\t\t\t\t<div class=\"e-gallery-image elementor-gallery-item__image\" data-thumbnail=\"https:\/\/essencius.dk\/wp-content\/uploads\/2022\/11\/05.png\" data-width=\"2000\" data-height=\"1375\" aria-label=\"\" role=\"img\" ><\/div>\n\t\t\t\t\t\t\t\t\t\t\t\t\t\t<\/div>\n\t\t\t\t\t\t\t<div class=\"e-gallery-item elementor-gallery-item elementor-animated-content\">\n\t\t\t\t\t<div class=\"e-gallery-image elementor-gallery-item__image\" data-thumbnail=\"https:\/\/essencius.dk\/wp-content\/uploads\/2022\/11\/09.png\" data-width=\"2000\" data-height=\"1227\" aria-label=\"\" role=\"img\" ><\/div>\n\t\t\t\t\t\t\t\t\t\t\t\t\t\t<\/div>\n\t\t\t\t\t\t\t<div class=\"e-gallery-item elementor-gallery-item elementor-animated-content\">\n\t\t\t\t\t<div class=\"e-gallery-image elementor-gallery-item__image\" data-thumbnail=\"https:\/\/essencius.dk\/wp-content\/uploads\/2022\/11\/04.png\" data-width=\"2000\" data-height=\"1292\" aria-label=\"\" role=\"img\" ><\/div>\n\t\t\t\t\t\t\t\t\t\t\t\t\t\t<\/div>\n\t\t\t\t\t\t\t<div class=\"e-gallery-item elementor-gallery-item elementor-animated-content\">\n\t\t\t\t\t<div class=\"e-gallery-image elementor-gallery-item__image\" data-thumbnail=\"https:\/\/essencius.dk\/wp-content\/uploads\/2022\/06\/essencius-kontor-08.jpg\" data-width=\"640\" data-height=\"480\" aria-label=\"\" role=\"img\" ><\/div>\n\t\t\t\t\t\t\t\t\t\t\t\t\t\t<\/div>\n\t\t\t\t\t\t\t<div class=\"e-gallery-item elementor-gallery-item elementor-animated-content\">\n\t\t\t\t\t<div class=\"e-gallery-image elementor-gallery-item__image\" data-thumbnail=\"https:\/\/essencius.dk\/wp-content\/uploads\/2022\/11\/14.png\" data-width=\"2000\" data-height=\"1558\" aria-label=\"\" role=\"img\" ><\/div>\n\t\t\t\t\t\t\t\t\t\t\t\t\t\t<\/div>\n\t\t\t\t\t\t\t<div class=\"e-gallery-item elementor-gallery-item elementor-animated-content\">\n\t\t\t\t\t<div class=\"e-gallery-image elementor-gallery-item__image\" data-thumbnail=\"https:\/\/essencius.dk\/wp-content\/uploads\/2022\/11\/Artboard-\u2013-12.png\" data-width=\"1920\" data-height=\"1080\" aria-label=\"\" role=\"img\" ><\/div>\n\t\t\t\t\t\t\t\t\t\t\t\t\t\t<\/div>\n\t\t\t\t\t\t\t<div class=\"e-gallery-item elementor-gallery-item elementor-animated-content\">\n\t\t\t\t\t<div class=\"e-gallery-image elementor-gallery-item__image\" data-thumbnail=\"https:\/\/essencius.dk\/wp-content\/uploads\/2022\/11\/Artboard-\u2013-16.png\" data-width=\"1920\" data-height=\"1080\" aria-label=\"\" role=\"img\" ><\/div>\n\t\t\t\t\t\t\t\t\t\t\t\t\t\t<\/div>\n\t\t\t\t\t\t\t<div class=\"e-gallery-item elementor-gallery-item elementor-animated-content\">\n\t\t\t\t\t<div class=\"e-gallery-image elementor-gallery-item__image\" data-thumbnail=\"https:\/\/essencius.dk\/wp-content\/uploads\/2022\/11\/Artboard-\u2013-9.png\" data-width=\"1920\" data-height=\"1080\" aria-label=\"\" role=\"img\" ><\/div>\n\t\t\t\t\t\t\t\t\t\t\t\t\t\t<\/div>\n\t\t\t\t\t\t\t<div class=\"e-gallery-item elementor-gallery-item elementor-animated-content\">\n\t\t\t\t\t<div class=\"e-gallery-image elementor-gallery-item__image\" data-thumbnail=\"https:\/\/essencius.dk\/wp-content\/uploads\/2022\/09\/DSC_0672.jpg\" data-width=\"1200\" data-height=\"795\" aria-label=\"\" role=\"img\" ><\/div>\n\t\t\t\t\t\t\t\t\t\t\t\t\t\t<\/div>\n\t\t\t\t\t<\/div>\n\t\t\t\t\t<\/div>\n\t\t\t\t<\/div>\n\t\t\t\t\t<\/div>\n\t\t<\/div>\n\t\t\t\t\t<\/div>\n\t\t<\/section>\n\t\t\t\t<section class=\"elementor-section elementor-top-section elementor-element elementor-element-6d1a11a elementor-section-boxed elementor-section-height-default elementor-section-height-default\" data-id=\"6d1a11a\" data-element_type=\"section\" data-e-type=\"section\" data-settings=\"{&quot;jet_parallax_layout_list&quot;:[]}\">\n\t\t\t\t\t\t<div class=\"elementor-container elementor-column-gap-default\">\n\t\t\t\t\t<div class=\"elementor-column elementor-col-100 elementor-top-column elementor-element elementor-element-f575063\" data-id=\"f575063\" data-element_type=\"column\" data-e-type=\"column\">\n\t\t\t<div class=\"elementor-widget-wrap elementor-element-populated\">\n\t\t\t\t\t\t<div class=\"elementor-element elementor-element-6679046 elementor-widget elementor-widget-spacer\" data-id=\"6679046\" data-element_type=\"widget\" data-e-type=\"widget\" data-widget_type=\"spacer.default\">\n\t\t\t\t<div class=\"elementor-widget-container\">\n\t\t\t\t\t\t\t<div class=\"elementor-spacer\">\n\t\t\t<div class=\"elementor-spacer-inner\"><\/div>\n\t\t<\/div>\n\t\t\t\t\t\t<\/div>\n\t\t\t\t<\/div>\n\t\t\t\t<div class=\"elementor-element elementor-element-14a1a06 elementor-widget elementor-widget-heading\" data-id=\"14a1a06\" data-element_type=\"widget\" data-e-type=\"widget\" data-widget_type=\"heading.default\">\n\t\t\t\t<div class=\"elementor-widget-container\">\n\t\t\t\t\t<h1 class=\"elementor-heading-title elementor-size-default\">VI \u00c4R STOLT \u00d6VER V\u00c5RT ARBETE<\/h1>\t\t\t\t<\/div>\n\t\t\t\t<\/div>\n\t\t\t\t<div class=\"elementor-element elementor-element-fed51da elementor-align-center elementor-widget elementor-widget-button\" data-id=\"fed51da\" data-element_type=\"widget\" data-e-type=\"widget\" data-widget_type=\"button.default\">\n\t\t\t\t<div class=\"elementor-widget-container\">\n\t\t\t\t\t\t\t\t\t<div class=\"elementor-button-wrapper\">\n\t\t\t\t\t<a class=\"elementor-button elementor-button-link elementor-size-sm\" href=\"http:\/\/essencius.dk\/cases\/\">\n\t\t\t\t\t\t<span class=\"elementor-button-content-wrapper\">\n\t\t\t\t\t\t\t\t\t<span class=\"elementor-button-text\">UPPDRAG<\/span>\n\t\t\t\t\t<\/span>\n\t\t\t\t\t<\/a>\n\t\t\t\t<\/div>\n\t\t\t\t\t\t\t\t<\/div>\n\t\t\t\t<\/div>\n\t\t\t\t\t<\/div>\n\t\t<\/div>\n\t\t\t\t\t<\/div>\n\t\t<\/section>\n\t\t\t\t<\/div>\n\t\t","protected":false},"excerpt":{"rendered":"<p>Om Essencius VI SKAPAR BER\u00c4TTELSER, SOM ANDRA G\u00d6R TILL SINA EGNA Essencius A\/S grundades 2007. Vi har v\u00e5rt huvudkontor p\u00e5 Dronningens Tv\u00e6rgade 7 i centrala K\u00f6penhamn, samt lokala kontor i Stockholm och Oslo.\u00a0\u00a0 Sedan starten [&hellip;]<\/p>\n","protected":false},"author":8,"featured_media":0,"parent":0,"menu_order":0,"comment_status":"closed","ping_status":"closed","template":"","meta":{"_acf_changed":false,"_monsterinsights_skip_tracking":false,"_monsterinsights_sitenote_active":false,"_monsterinsights_sitenote_note":"","_monsterinsights_sitenote_category":0,"footnotes":""},"class_list":["post-27293","page","type-page","status-publish","hentry"],"acf":[],"yoast_head":"<!-- This site is optimized with the Yoast SEO plugin v27.6 - https:\/\/yoast.com\/product\/yoast-seo-wordpress\/ -->\n<title>Om Essencius - Essencius<\/title>\n<meta name=\"robots\" content=\"index, follow, max-snippet:-1, max-image-preview:large, max-video-preview:-1\" \/>\n<link rel=\"canonical\" href=\"https:\/\/essencius.dk\/sv\/om-essencius\/\" \/>\n<meta property=\"og:locale\" content=\"sv_SE\" \/>\n<meta property=\"og:type\" content=\"article\" \/>\n<meta property=\"og:title\" content=\"Om Essencius - Essencius\" \/>\n<meta property=\"og:description\" content=\"Om Essencius VI SKAPAR BER\u00c4TTELSER, SOM ANDRA G\u00d6R TILL SINA EGNA Essencius A\/S grundades 2007. Vi har v\u00e5rt huvudkontor p\u00e5 Dronningens Tv\u00e6rgade 7 i centrala K\u00f6penhamn, samt lokala kontor i Stockholm och Oslo.\u00a0\u00a0 Sedan starten [&hellip;]\" \/>\n<meta property=\"og:url\" content=\"https:\/\/essencius.dk\/sv\/om-essencius\/\" \/>\n<meta property=\"og:site_name\" content=\"Essencius\" \/>\n<meta property=\"article:publisher\" content=\"http:\/\/www.facebook.com\/essencius\" \/>\n<meta property=\"article:modified_time\" content=\"2026-01-28T03:56:04+00:00\" \/>\n<meta name=\"twitter:card\" content=\"summary_large_image\" \/>\n<meta name=\"twitter:site\" content=\"@essencius\" \/>\n<meta name=\"twitter:label1\" content=\"Ber\u00e4knad l\u00e4stid\" \/>\n\t<meta name=\"twitter:data1\" content=\"1 minut\" \/>\n<script type=\"application\/ld+json\" class=\"yoast-schema-graph\">{\"@context\":\"https:\\\/\\\/schema.org\",\"@graph\":[{\"@type\":\"WebPage\",\"@id\":\"https:\\\/\\\/essencius.dk\\\/sv\\\/om-essencius\\\/\",\"url\":\"https:\\\/\\\/essencius.dk\\\/sv\\\/om-essencius\\\/\",\"name\":\"Om Essencius - Essencius\",\"isPartOf\":{\"@id\":\"https:\\\/\\\/essencius.dk\\\/#website\"},\"datePublished\":\"2022-09-07T12:50:42+00:00\",\"dateModified\":\"2026-01-28T03:56:04+00:00\",\"breadcrumb\":{\"@id\":\"https:\\\/\\\/essencius.dk\\\/sv\\\/om-essencius\\\/#breadcrumb\"},\"inLanguage\":\"sv-SE\",\"potentialAction\":[{\"@type\":\"ReadAction\",\"target\":[\"https:\\\/\\\/essencius.dk\\\/sv\\\/om-essencius\\\/\"]}]},{\"@type\":\"BreadcrumbList\",\"@id\":\"https:\\\/\\\/essencius.dk\\\/sv\\\/om-essencius\\\/#breadcrumb\",\"itemListElement\":[{\"@type\":\"ListItem\",\"position\":1,\"name\":\"Home\",\"item\":\"https:\\\/\\\/essencius.dk\\\/\"},{\"@type\":\"ListItem\",\"position\":2,\"name\":\"Om Essencius\"}]},{\"@type\":\"WebSite\",\"@id\":\"https:\\\/\\\/essencius.dk\\\/#website\",\"url\":\"https:\\\/\\\/essencius.dk\\\/\",\"name\":\"Essencius\",\"description\":\"PR, Social &amp; Digital Communications\",\"publisher\":{\"@id\":\"https:\\\/\\\/essencius.dk\\\/#organization\"},\"potentialAction\":[{\"@type\":\"SearchAction\",\"target\":{\"@type\":\"EntryPoint\",\"urlTemplate\":\"https:\\\/\\\/essencius.dk\\\/?s={search_term_string}\"},\"query-input\":{\"@type\":\"PropertyValueSpecification\",\"valueRequired\":true,\"valueName\":\"search_term_string\"}}],\"inLanguage\":\"sv-SE\"},{\"@type\":\"Organization\",\"@id\":\"https:\\\/\\\/essencius.dk\\\/#organization\",\"name\":\"Essencius\",\"url\":\"https:\\\/\\\/essencius.dk\\\/\",\"logo\":{\"@type\":\"ImageObject\",\"inLanguage\":\"sv-SE\",\"@id\":\"https:\\\/\\\/essencius.dk\\\/#\\\/schema\\\/logo\\\/image\\\/\",\"url\":\"https:\\\/\\\/essencius.dk\\\/wp-content\\\/uploads\\\/2022\\\/06\\\/essencius-forside-e-circle.png\",\"contentUrl\":\"https:\\\/\\\/essencius.dk\\\/wp-content\\\/uploads\\\/2022\\\/06\\\/essencius-forside-e-circle.png\",\"width\":300,\"height\":300,\"caption\":\"Essencius\"},\"image\":{\"@id\":\"https:\\\/\\\/essencius.dk\\\/#\\\/schema\\\/logo\\\/image\\\/\"},\"sameAs\":[\"http:\\\/\\\/www.facebook.com\\\/essencius\",\"https:\\\/\\\/x.com\\\/essencius\"]}]}<\/script>\n<!-- \/ Yoast SEO plugin. -->","yoast_head_json":{"title":"Om Essencius - Essencius","robots":{"index":"index","follow":"follow","max-snippet":"max-snippet:-1","max-image-preview":"max-image-preview:large","max-video-preview":"max-video-preview:-1"},"canonical":"https:\/\/essencius.dk\/sv\/om-essencius\/","og_locale":"sv_SE","og_type":"article","og_title":"Om Essencius - Essencius","og_description":"Om Essencius VI SKAPAR BER\u00c4TTELSER, SOM ANDRA G\u00d6R TILL SINA EGNA Essencius A\/S grundades 2007. Vi har v\u00e5rt huvudkontor p\u00e5 Dronningens Tv\u00e6rgade 7 i centrala K\u00f6penhamn, samt lokala kontor i Stockholm och Oslo.\u00a0\u00a0 Sedan starten [&hellip;]","og_url":"https:\/\/essencius.dk\/sv\/om-essencius\/","og_site_name":"Essencius","article_publisher":"http:\/\/www.facebook.com\/essencius","article_modified_time":"2026-01-28T03:56:04+00:00","twitter_card":"summary_large_image","twitter_site":"@essencius","twitter_misc":{"Ber\u00e4knad l\u00e4stid":"1 minut"},"schema":{"@context":"https:\/\/schema.org","@graph":[{"@type":"WebPage","@id":"https:\/\/essencius.dk\/sv\/om-essencius\/","url":"https:\/\/essencius.dk\/sv\/om-essencius\/","name":"Om Essencius - Essencius","isPartOf":{"@id":"https:\/\/essencius.dk\/#website"},"datePublished":"2022-09-07T12:50:42+00:00","dateModified":"2026-01-28T03:56:04+00:00","breadcrumb":{"@id":"https:\/\/essencius.dk\/sv\/om-essencius\/#breadcrumb"},"inLanguage":"sv-SE","potentialAction":[{"@type":"ReadAction","target":["https:\/\/essencius.dk\/sv\/om-essencius\/"]}]},{"@type":"BreadcrumbList","@id":"https:\/\/essencius.dk\/sv\/om-essencius\/#breadcrumb","itemListElement":[{"@type":"ListItem","position":1,"name":"Home","item":"https:\/\/essencius.dk\/"},{"@type":"ListItem","position":2,"name":"Om Essencius"}]},{"@type":"WebSite","@id":"https:\/\/essencius.dk\/#website","url":"https:\/\/essencius.dk\/","name":"Essencius","description":"PR, Social &amp; Digital Communications","publisher":{"@id":"https:\/\/essencius.dk\/#organization"},"potentialAction":[{"@type":"SearchAction","target":{"@type":"EntryPoint","urlTemplate":"https:\/\/essencius.dk\/?s={search_term_string}"},"query-input":{"@type":"PropertyValueSpecification","valueRequired":true,"valueName":"search_term_string"}}],"inLanguage":"sv-SE"},{"@type":"Organization","@id":"https:\/\/essencius.dk\/#organization","name":"Essencius","url":"https:\/\/essencius.dk\/","logo":{"@type":"ImageObject","inLanguage":"sv-SE","@id":"https:\/\/essencius.dk\/#\/schema\/logo\/image\/","url":"https:\/\/essencius.dk\/wp-content\/uploads\/2022\/06\/essencius-forside-e-circle.png","contentUrl":"https:\/\/essencius.dk\/wp-content\/uploads\/2022\/06\/essencius-forside-e-circle.png","width":300,"height":300,"caption":"Essencius"},"image":{"@id":"https:\/\/essencius.dk\/#\/schema\/logo\/image\/"},"sameAs":["http:\/\/www.facebook.com\/essencius","https:\/\/x.com\/essencius"]}]}},"_links":{"self":[{"href":"https:\/\/essencius.dk\/sv\/wp-json\/wp\/v2\/pages\/27293","targetHints":{"allow":["GET"]}}],"collection":[{"href":"https:\/\/essencius.dk\/sv\/wp-json\/wp\/v2\/pages"}],"about":[{"href":"https:\/\/essencius.dk\/sv\/wp-json\/wp\/v2\/types\/page"}],"author":[{"embeddable":true,"href":"https:\/\/essencius.dk\/sv\/wp-json\/wp\/v2\/users\/8"}],"replies":[{"embeddable":true,"href":"https:\/\/essencius.dk\/sv\/wp-json\/wp\/v2\/comments?post=27293"}],"version-history":[{"count":8,"href":"https:\/\/essencius.dk\/sv\/wp-json\/wp\/v2\/pages\/27293\/revisions"}],"predecessor-version":[{"id":40042,"href":"https:\/\/essencius.dk\/sv\/wp-json\/wp\/v2\/pages\/27293\/revisions\/40042"}],"wp:attachment":[{"href":"https:\/\/essencius.dk\/sv\/wp-json\/wp\/v2\/media?parent=27293"}],"curies":[{"name":"wp","href":"https:\/\/api.w.org\/{rel}","templated":true}]}}