{"id":7773,"date":"2020-03-02T15:24:35","date_gmt":"2020-03-02T15:24:35","guid":{"rendered":"https:\/\/essencius.dk\/newsletter-essentials-vilkaarogbetingelser\/"},"modified":"2022-06-21T07:26:57","modified_gmt":"2022-06-21T06:26:57","slug":"newsletter-essentials-vilkaarogbetingelser","status":"publish","type":"page","link":"https:\/\/essencius.dk\/sv\/newsletter-essentials-vilkaarogbetingelser\/","title":{"rendered":"Vilk\u00e5r og Betingelser"},"content":{"rendered":"\t\t<div data-elementor-type=\"wp-page\" data-elementor-id=\"7773\" class=\"elementor elementor-7773 elementor-7410\" data-elementor-post-type=\"page\">\n\t\t\t\t\t\t<section class=\"elementor-section elementor-top-section elementor-element elementor-element-f44d10b elementor-section-boxed elementor-section-height-default elementor-section-height-default\" data-id=\"f44d10b\" data-element_type=\"section\" data-e-type=\"section\" data-settings=\"{&quot;jet_parallax_layout_list&quot;:[]}\">\n\t\t\t\t\t\t<div class=\"elementor-container elementor-column-gap-default\">\n\t\t\t\t\t<div class=\"elementor-column elementor-col-100 elementor-top-column elementor-element elementor-element-f796ac7\" data-id=\"f796ac7\" data-element_type=\"column\" data-e-type=\"column\">\n\t\t\t<div class=\"elementor-widget-wrap elementor-element-populated\">\n\t\t\t\t\t\t<div class=\"elementor-element elementor-element-62aa3ac elementor-widget elementor-widget-heading\" data-id=\"62aa3ac\" data-element_type=\"widget\" data-e-type=\"widget\" data-widget_type=\"heading.default\">\n\t\t\t\t<div class=\"elementor-widget-container\">\n\t\t\t\t\t<h1 class=\"elementor-heading-title elementor-size-default\">Vilk\u00e5r og Betingelser<\/h1>\t\t\t\t<\/div>\n\t\t\t\t<\/div>\n\t\t\t\t<div class=\"elementor-element elementor-element-4a541fb elementor-widget-divider--view-line elementor-widget elementor-widget-divider\" data-id=\"4a541fb\" data-element_type=\"widget\" data-e-type=\"widget\" data-widget_type=\"divider.default\">\n\t\t\t\t<div class=\"elementor-widget-container\">\n\t\t\t\t\t\t\t<div class=\"elementor-divider\">\n\t\t\t<span class=\"elementor-divider-separator\">\n\t\t\t\t\t\t<\/span>\n\t\t<\/div>\n\t\t\t\t\t\t<\/div>\n\t\t\t\t<\/div>\n\t\t\t\t\t<\/div>\n\t\t<\/div>\n\t\t\t\t\t<\/div>\n\t\t<\/section>\n\t\t\t\t<section class=\"elementor-section elementor-top-section elementor-element elementor-element-464a305 elementor-section-boxed elementor-section-height-default elementor-section-height-default\" data-id=\"464a305\" data-element_type=\"section\" data-e-type=\"section\" data-settings=\"{&quot;jet_parallax_layout_list&quot;:[]}\">\n\t\t\t\t\t\t<div class=\"elementor-container elementor-column-gap-default\">\n\t\t\t\t\t<div class=\"elementor-column elementor-col-100 elementor-top-column elementor-element elementor-element-59ee7c2\" data-id=\"59ee7c2\" data-element_type=\"column\" data-e-type=\"column\">\n\t\t\t<div class=\"elementor-widget-wrap elementor-element-populated\">\n\t\t\t\t\t\t<div class=\"elementor-element elementor-element-6748fef elementor-widget elementor-widget-text-editor\" data-id=\"6748fef\" data-element_type=\"widget\" data-e-type=\"widget\" data-widget_type=\"text-editor.default\">\n\t\t\t\t<div class=\"elementor-widget-container\">\n\t\t\t\t\t\t\t\t\t<p>Ved at oplyse ovenst\u00e5ende information giver du tilladelse til, at Essencius A\/S behandler dine informationer. Samtidig tillader du, at vi m\u00e5 sende dig vores nyhedsbrev med de seneste markedsindsigter, cases og informationer om, hvad Essencius A\/S kan tilbyde.<\/p><p>Vi behandler nedenst\u00e5ende information, n\u00e5r du melder dig til vores nyhedsbrev.<\/p><ul><li>Navn<\/li><li>Land<\/li><li>E-mailadresse<\/li><li>Virksomhed<\/li><\/ul><p>Vi behandler og bevarer dine personlige informationer baseret p\u00e5 dit samtykke til at modtage vores nyhedsbrev. Vi gemmer dine informationer s\u00e5 l\u00e6nge, som du er tilmeldt vores nyhedsbrev eller indtil vi stopper med at skrive nyhedsbreve.<\/p><p>For at forbedre brugeroplevelsen vil vi anvende din e-mail, herunder din \u00e5bningsrate og click-through-rate p\u00e5 vores nyhedsbreve for at kunne skabe en m\u00e5lrettet og v\u00e6rdiskabende kommunikation til dig. Du kan til hver en tid tilbagetr\u00e6kke dit samtykke ved enten at bruge linket i bunden af det seneste nyhedsbrev eller ved at sende en mail til<\/p><p>Vi vil gemme din information s\u00e5 l\u00e6nge, som vi har en kommerciel interesse, i vores CRM-system, hvilket er baseret p\u00e5 en reel interesse i dig som en potentiel kunde, medmindre du aktivt beder os om at slette din data.<\/p><p>Din information vil blive overf\u00f8rt til vores CRM-system, vores markedsf\u00f8ringsautomatisering system og vores statistiske segmentering.<\/p>\t\t\t\t\t\t\t\t<\/div>\n\t\t\t\t<\/div>\n\t\t\t\t\t<\/div>\n\t\t<\/div>\n\t\t\t\t\t<\/div>\n\t\t<\/section>\n\t\t\t\t<\/div>\n\t\t","protected":false},"excerpt":{"rendered":"<p>Vilk\u00e5r og Betingelser Ved at oplyse ovenst\u00e5ende information giver du tilladelse til, at Essencius A\/S behandler dine informationer. Samtidig tillader du, at vi m\u00e5 sende dig vores nyhedsbrev med de seneste markedsindsigter, cases og informationer [&hellip;]<\/p>\n","protected":false},"author":1,"featured_media":0,"parent":0,"menu_order":0,"comment_status":"closed","ping_status":"closed","template":"elementor_header_footer","meta":{"_acf_changed":false,"_monsterinsights_skip_tracking":false,"_monsterinsights_sitenote_active":false,"_monsterinsights_sitenote_note":"","_monsterinsights_sitenote_category":0,"footnotes":""},"class_list":["post-7773","page","type-page","status-publish","hentry"],"acf":[],"yoast_head":"<!-- This site is optimized with the Yoast SEO plugin v27.5 - https:\/\/yoast.com\/product\/yoast-seo-wordpress\/ -->\n<title>Vilk\u00e5r og Betingelser - Essencius<\/title>\n<meta name=\"robots\" content=\"index, follow, max-snippet:-1, max-image-preview:large, max-video-preview:-1\" \/>\n<link rel=\"canonical\" href=\"https:\/\/essencius.dk\/sv\/newsletter-essentials-vilkaarogbetingelser\/\" \/>\n<meta property=\"og:locale\" content=\"sv_SE\" \/>\n<meta property=\"og:type\" content=\"article\" \/>\n<meta property=\"og:title\" content=\"Vilk\u00e5r og Betingelser - Essencius\" \/>\n<meta property=\"og:description\" content=\"Vilk\u00e5r og Betingelser Ved at oplyse ovenst\u00e5ende information giver du tilladelse til, at Essencius A\/S behandler dine informationer. Samtidig tillader du, at vi m\u00e5 sende dig vores nyhedsbrev med de seneste markedsindsigter, cases og informationer [&hellip;]\" \/>\n<meta property=\"og:url\" content=\"https:\/\/essencius.dk\/sv\/newsletter-essentials-vilkaarogbetingelser\/\" \/>\n<meta property=\"og:site_name\" content=\"Essencius\" \/>\n<meta property=\"article:publisher\" content=\"http:\/\/www.facebook.com\/essencius\" \/>\n<meta property=\"article:modified_time\" content=\"2022-06-21T06:26:57+00:00\" \/>\n<meta name=\"twitter:card\" content=\"summary_large_image\" \/>\n<meta name=\"twitter:site\" content=\"@essencius\" \/>\n<meta name=\"twitter:label1\" content=\"Ber\u00e4knad l\u00e4stid\" \/>\n\t<meta name=\"twitter:data1\" content=\"1 minut\" \/>\n<script type=\"application\/ld+json\" class=\"yoast-schema-graph\">{\"@context\":\"https:\\\/\\\/schema.org\",\"@graph\":[{\"@type\":\"WebPage\",\"@id\":\"https:\\\/\\\/essencius.dk\\\/sv\\\/newsletter-essentials-vilkaarogbetingelser\\\/\",\"url\":\"https:\\\/\\\/essencius.dk\\\/sv\\\/newsletter-essentials-vilkaarogbetingelser\\\/\",\"name\":\"Vilk\u00e5r og Betingelser - Essencius\",\"isPartOf\":{\"@id\":\"https:\\\/\\\/essencius.dk\\\/#website\"},\"datePublished\":\"2020-03-02T15:24:35+00:00\",\"dateModified\":\"2022-06-21T06:26:57+00:00\",\"breadcrumb\":{\"@id\":\"https:\\\/\\\/essencius.dk\\\/sv\\\/newsletter-essentials-vilkaarogbetingelser\\\/#breadcrumb\"},\"inLanguage\":\"sv-SE\",\"potentialAction\":[{\"@type\":\"ReadAction\",\"target\":[\"https:\\\/\\\/essencius.dk\\\/sv\\\/newsletter-essentials-vilkaarogbetingelser\\\/\"]}]},{\"@type\":\"BreadcrumbList\",\"@id\":\"https:\\\/\\\/essencius.dk\\\/sv\\\/newsletter-essentials-vilkaarogbetingelser\\\/#breadcrumb\",\"itemListElement\":[{\"@type\":\"ListItem\",\"position\":1,\"name\":\"Home\",\"item\":\"https:\\\/\\\/essencius.dk\\\/\"},{\"@type\":\"ListItem\",\"position\":2,\"name\":\"Vilk\u00e5r og Betingelser\"}]},{\"@type\":\"WebSite\",\"@id\":\"https:\\\/\\\/essencius.dk\\\/#website\",\"url\":\"https:\\\/\\\/essencius.dk\\\/\",\"name\":\"Essencius\",\"description\":\"PR, Social &amp; Digital Communications\",\"publisher\":{\"@id\":\"https:\\\/\\\/essencius.dk\\\/#organization\"},\"potentialAction\":[{\"@type\":\"SearchAction\",\"target\":{\"@type\":\"EntryPoint\",\"urlTemplate\":\"https:\\\/\\\/essencius.dk\\\/?s={search_term_string}\"},\"query-input\":{\"@type\":\"PropertyValueSpecification\",\"valueRequired\":true,\"valueName\":\"search_term_string\"}}],\"inLanguage\":\"sv-SE\"},{\"@type\":\"Organization\",\"@id\":\"https:\\\/\\\/essencius.dk\\\/#organization\",\"name\":\"Essencius\",\"url\":\"https:\\\/\\\/essencius.dk\\\/\",\"logo\":{\"@type\":\"ImageObject\",\"inLanguage\":\"sv-SE\",\"@id\":\"https:\\\/\\\/essencius.dk\\\/#\\\/schema\\\/logo\\\/image\\\/\",\"url\":\"https:\\\/\\\/essencius.dk\\\/wp-content\\\/uploads\\\/2022\\\/06\\\/essencius-forside-e-circle.png\",\"contentUrl\":\"https:\\\/\\\/essencius.dk\\\/wp-content\\\/uploads\\\/2022\\\/06\\\/essencius-forside-e-circle.png\",\"width\":300,\"height\":300,\"caption\":\"Essencius\"},\"image\":{\"@id\":\"https:\\\/\\\/essencius.dk\\\/#\\\/schema\\\/logo\\\/image\\\/\"},\"sameAs\":[\"http:\\\/\\\/www.facebook.com\\\/essencius\",\"https:\\\/\\\/x.com\\\/essencius\"]}]}<\/script>\n<!-- \/ Yoast SEO plugin. -->","yoast_head_json":{"title":"Vilk\u00e5r og Betingelser - Essencius","robots":{"index":"index","follow":"follow","max-snippet":"max-snippet:-1","max-image-preview":"max-image-preview:large","max-video-preview":"max-video-preview:-1"},"canonical":"https:\/\/essencius.dk\/sv\/newsletter-essentials-vilkaarogbetingelser\/","og_locale":"sv_SE","og_type":"article","og_title":"Vilk\u00e5r og Betingelser - Essencius","og_description":"Vilk\u00e5r og Betingelser Ved at oplyse ovenst\u00e5ende information giver du tilladelse til, at Essencius A\/S behandler dine informationer. Samtidig tillader du, at vi m\u00e5 sende dig vores nyhedsbrev med de seneste markedsindsigter, cases og informationer [&hellip;]","og_url":"https:\/\/essencius.dk\/sv\/newsletter-essentials-vilkaarogbetingelser\/","og_site_name":"Essencius","article_publisher":"http:\/\/www.facebook.com\/essencius","article_modified_time":"2022-06-21T06:26:57+00:00","twitter_card":"summary_large_image","twitter_site":"@essencius","twitter_misc":{"Ber\u00e4knad l\u00e4stid":"1 minut"},"schema":{"@context":"https:\/\/schema.org","@graph":[{"@type":"WebPage","@id":"https:\/\/essencius.dk\/sv\/newsletter-essentials-vilkaarogbetingelser\/","url":"https:\/\/essencius.dk\/sv\/newsletter-essentials-vilkaarogbetingelser\/","name":"Vilk\u00e5r og Betingelser - Essencius","isPartOf":{"@id":"https:\/\/essencius.dk\/#website"},"datePublished":"2020-03-02T15:24:35+00:00","dateModified":"2022-06-21T06:26:57+00:00","breadcrumb":{"@id":"https:\/\/essencius.dk\/sv\/newsletter-essentials-vilkaarogbetingelser\/#breadcrumb"},"inLanguage":"sv-SE","potentialAction":[{"@type":"ReadAction","target":["https:\/\/essencius.dk\/sv\/newsletter-essentials-vilkaarogbetingelser\/"]}]},{"@type":"BreadcrumbList","@id":"https:\/\/essencius.dk\/sv\/newsletter-essentials-vilkaarogbetingelser\/#breadcrumb","itemListElement":[{"@type":"ListItem","position":1,"name":"Home","item":"https:\/\/essencius.dk\/"},{"@type":"ListItem","position":2,"name":"Vilk\u00e5r og Betingelser"}]},{"@type":"WebSite","@id":"https:\/\/essencius.dk\/#website","url":"https:\/\/essencius.dk\/","name":"Essencius","description":"PR, Social &amp; Digital Communications","publisher":{"@id":"https:\/\/essencius.dk\/#organization"},"potentialAction":[{"@type":"SearchAction","target":{"@type":"EntryPoint","urlTemplate":"https:\/\/essencius.dk\/?s={search_term_string}"},"query-input":{"@type":"PropertyValueSpecification","valueRequired":true,"valueName":"search_term_string"}}],"inLanguage":"sv-SE"},{"@type":"Organization","@id":"https:\/\/essencius.dk\/#organization","name":"Essencius","url":"https:\/\/essencius.dk\/","logo":{"@type":"ImageObject","inLanguage":"sv-SE","@id":"https:\/\/essencius.dk\/#\/schema\/logo\/image\/","url":"https:\/\/essencius.dk\/wp-content\/uploads\/2022\/06\/essencius-forside-e-circle.png","contentUrl":"https:\/\/essencius.dk\/wp-content\/uploads\/2022\/06\/essencius-forside-e-circle.png","width":300,"height":300,"caption":"Essencius"},"image":{"@id":"https:\/\/essencius.dk\/#\/schema\/logo\/image\/"},"sameAs":["http:\/\/www.facebook.com\/essencius","https:\/\/x.com\/essencius"]}]}},"_links":{"self":[{"href":"https:\/\/essencius.dk\/sv\/wp-json\/wp\/v2\/pages\/7773","targetHints":{"allow":["GET"]}}],"collection":[{"href":"https:\/\/essencius.dk\/sv\/wp-json\/wp\/v2\/pages"}],"about":[{"href":"https:\/\/essencius.dk\/sv\/wp-json\/wp\/v2\/types\/page"}],"author":[{"embeddable":true,"href":"https:\/\/essencius.dk\/sv\/wp-json\/wp\/v2\/users\/1"}],"replies":[{"embeddable":true,"href":"https:\/\/essencius.dk\/sv\/wp-json\/wp\/v2\/comments?post=7773"}],"version-history":[{"count":5,"href":"https:\/\/essencius.dk\/sv\/wp-json\/wp\/v2\/pages\/7773\/revisions"}],"predecessor-version":[{"id":12801,"href":"https:\/\/essencius.dk\/sv\/wp-json\/wp\/v2\/pages\/7773\/revisions\/12801"}],"wp:attachment":[{"href":"https:\/\/essencius.dk\/sv\/wp-json\/wp\/v2\/media?parent=7773"}],"curies":[{"name":"wp","href":"https:\/\/api.w.org\/{rel}","templated":true}]}}